{"id":365,"date":"2020-03-28T13:57:22","date_gmt":"2020-03-28T13:57:22","guid":{"rendered":"http:\/\/localhost\/projects\/Neve-music-band\/?page_id=365"},"modified":"2025-05-04T20:42:11","modified_gmt":"2025-05-04T20:42:11","slug":"b56e6-contact","status":"publish","type":"page","link":"https:\/\/www.djtrap.fi\/index.php\/b56e6-contact\/","title":{"rendered":"Bookings"},"content":{"rendered":"\n<div id=\"wp-block-themeisle-blocks-advanced-columns-f4152a90\" class=\"wp-block-themeisle-blocks-advanced-columns alignfull has-1-columns has-desktop-equal-layout has-tablet-equal-layout has-mobile-equal-layout has-vertical-center has-dark-bg\"><div class=\"wp-block-themeisle-blocks-advanced-columns-overlay\"><\/div><div class=\"innerblocks-wrap\">\n<div id=\"wp-block-themeisle-blocks-advanced-column-6dc5a6ad\" class=\"wp-block-themeisle-blocks-advanced-column\">\n<h1 id=\"wp-block-themeisle-blocks-advanced-heading-457f87fa\" class=\"wp-block-themeisle-blocks-advanced-heading wp-block-themeisle-blocks-advanced-heading-457f87fa\"> bookings@djtrap.fi<\/h1>\n<\/div>\n<\/div><\/div>\n\n\n\n<div id=\"wp-block-themeisle-blocks-advanced-columns-88c10fab\" class=\"wp-block-themeisle-blocks-advanced-columns alignfull has-1-columns has-desktop-equal-layout has-tablet-equal-layout has-mobile-equal-layout has-vertical-unset\"><div class=\"wp-block-themeisle-blocks-advanced-columns-overlay\"><\/div><div class=\"innerblocks-wrap\">\n<div id=\"wp-block-themeisle-blocks-advanced-column-1484b555\" class=\"wp-block-themeisle-blocks-advanced-column\">\n<p class=\"has-text-align-center\">Keikkatiedustelut s\u00e4hk\u00f6postilla. Mukanani tulee \u00e4\u00e4ni- ja valotekniikka sek\u00e4 teknikot.<br><\/p>\n<\/div>\n<\/div><\/div>\n\n\n\n<div id=\"wp-block-themeisle-blocks-advanced-columns-286145c0\" class=\"wp-block-themeisle-blocks-advanced-columns alignfull has-2-columns has-desktop-equal-layout has-tablet-equal-layout has-mobile-collapsedRows-layout has-vertical-unset has-dark-bg\"><div class=\"wp-block-themeisle-blocks-advanced-columns-overlay\"><\/div><div class=\"innerblocks-wrap\">\n<div id=\"wp-block-themeisle-blocks-advanced-column-0b6a6a9a\" class=\"wp-block-themeisle-blocks-advanced-column\">\n<h4 id=\"wp-block-themeisle-blocks-advanced-heading-1edfbbc6\" class=\"wp-block-themeisle-blocks-advanced-heading wp-block-themeisle-blocks-advanced-heading-1edfbbc6\"> <strong>LET&#8217;S MEET EACH OTHER<\/strong><\/h4>\n\n\n\n<h2 id=\"wp-block-themeisle-blocks-advanced-heading-1c862b4f\" class=\"wp-block-themeisle-blocks-advanced-heading wp-block-themeisle-blocks-advanced-heading-1c862b4f\">ota yhteytt\u00e4!<\/h2>\n\n\n\n<p class=\"has-nv-text-dark-bg-color has-text-color\">Voit l\u00e4hett\u00e4\u00e4 viesti\u00e4 whatsappilla, s\u00e4hk\u00f6postilla tai oheisella lomakkeella. <\/p>\n\n\n\n<div style=\"height:35px\" aria-hidden=\"true\" class=\"wp-block-spacer\"><\/div>\n\n\n\n<h3 id=\"wp-block-themeisle-blocks-advanced-heading-ceb0bf6d\" class=\"wp-block-themeisle-blocks-advanced-heading wp-block-themeisle-blocks-advanced-heading-ceb0bf6d\">BOOKINGs &#8211; Askel management<\/h3>\n\n\n\n<div id=\"wp-block-themeisle-blocks-icon-list-eb2286d5\" class=\"wp-block-themeisle-blocks-icon-list ticss-eb2286d5\">\n<div id=\"wp-block-themeisle-blocks-icon-list-item-34ecd9a3\" class=\"wp-block-themeisle-blocks-icon-list-item\"><i class=\"fas fa-phone wp-block-themeisle-blocks-icon-list-item-icon-custom\"><\/i><p class=\"wp-block-themeisle-blocks-icon-list-item-content-custom\">+358500771707 <\/p><\/div>\n\n\n\n<div id=\"wp-block-themeisle-blocks-icon-list-item-44b88a23\" class=\"wp-block-themeisle-blocks-icon-list-item\"><i class=\"fas fa-envelope wp-block-themeisle-blocks-icon-list-item-icon-custom\"><\/i><p class=\"wp-block-themeisle-blocks-icon-list-item-content-custom\">bookings@djtrap.fi <\/p><\/div>\n<\/div>\n\n\n\n<div style=\"height:25px\" aria-hidden=\"true\" class=\"wp-block-spacer\"><\/div>\n\n\n\n<h3 id=\"wp-block-themeisle-blocks-advanced-heading-e3329be8\" class=\"wp-block-themeisle-blocks-advanced-heading wp-block-themeisle-blocks-advanced-heading-e3329be8\">PRESS &#8211; askel management<\/h3>\n\n\n\n<div id=\"wp-block-themeisle-blocks-icon-list-0d6a9246\" class=\"wp-block-themeisle-blocks-icon-list ticss-eb2286d5\">\n<div id=\"wp-block-themeisle-blocks-icon-list-item-0f4ecc39\" class=\"wp-block-themeisle-blocks-icon-list-item\"><i class=\"fas fa-phone wp-block-themeisle-blocks-icon-list-item-icon-custom\"><\/i><p class=\"wp-block-themeisle-blocks-icon-list-item-content-custom\">+358500771707<\/p><\/div>\n<\/div>\n<\/div>\n\n\n\n<div id=\"wp-block-themeisle-blocks-advanced-column-d4d94ee1\" class=\"wp-block-themeisle-blocks-advanced-column has-light-bg\">\n<div id=\"wp-block-themeisle-blocks-form-d86137d7\" class=\"wp-block-themeisle-blocks-form ticss-d86137d7\" data-option-name=\"bf9b28ff82ce323187abc5d0feb0d8f07ecd8436_d86137d7\"><form class=\"otter-form__container\">\n<div id=\"wp-block-themeisle-blocks-form-input-8825b153\" class=\"wp-block-themeisle-blocks-form-input\"><label for=\"wp-block-themeisle-blocks-form-input-8825b153-input\" class=\"otter-form-input-label\"><span class=\"otter-form-input-label__label\">Name<\/span><span class=\"required\">*<\/span><\/label><input type=\"text\" id=\"wp-block-themeisle-blocks-form-input-8825b153-input\" required placeholder=\"Your name\" class=\"otter-form-input\"\/><\/div>\n\n\n\n<div id=\"wp-block-themeisle-blocks-form-input-dddeec5c\" class=\"wp-block-themeisle-blocks-form-input\"><label for=\"wp-block-themeisle-blocks-form-input-dddeec5c-input\" class=\"otter-form-input-label\"><span class=\"otter-form-input-label__label\">Email<\/span><span class=\"required\">*<\/span><\/label><input type=\"email\" id=\"wp-block-themeisle-blocks-form-input-dddeec5c-input\" required placeholder=\"Email Address\" class=\"otter-form-input\"\/><\/div>\n\n\n\n<div id=\"wp-block-themeisle-blocks-form-textarea-a737bd80\" class=\"wp-block-themeisle-blocks-form-textarea\"><label for=\"wp-block-themeisle-blocks-form-textarea-a737bd80-input\" class=\"otter-form-textarea-label\"><span class=\"otter-form-textarea-label__label\">Message<\/span><\/label><textarea id=\"wp-block-themeisle-blocks-form-textarea-a737bd80-input\" placeholder=\"Your Message\" rows=\"10\" class=\"otter-form-textarea-input\"><\/textarea><\/div>\n\n\n<div class=\"protection\" aria-hidden=\"true\"><input type=\"hidden\" id=\"wp-block-themeisle-blocks-form-d86137d7_nonce_field\" name=\"wp-block-themeisle-blocks-form-d86137d7_nonce_field\" value=\"22bfe2402f\" \/><input type=\"hidden\" name=\"_wp_http_referer\" value=\"\/index.php\/wp-json\/wp\/v2\/pages\/365\" \/><input class=\"o-anti-bot\" type=\"checkbox\"><\/div><div class=\"wp-block-button\"><button class=\"wp-block-button__link\" type=\"submit\">Submit<\/button><\/div><\/form><\/div>\n<\/div>\n<\/div><\/div>\n\n\n\n<p><\/p>\n","protected":false},"excerpt":{"rendered":"","protected":false},"author":1,"featured_media":0,"parent":0,"menu_order":0,"comment_status":"closed","ping_status":"closed","template":"page-templates\/template-pagebuilder-full-width.php","meta":{"neve_meta_sidebar":"full-width","neve_meta_container":"","neve_meta_enable_content_width":"on","neve_meta_content_width":100,"neve_meta_title_alignment":"","neve_meta_author_avatar":"","neve_post_elements_order":"","neve_meta_disable_header":"","neve_meta_disable_footer":"","neve_meta_disable_title":"","_themeisle_gutenberg_block_has_review":false,"footnotes":""},"class_list":["post-365","page","type-page","status-publish","hentry"],"_links":{"self":[{"href":"https:\/\/www.djtrap.fi\/index.php\/wp-json\/wp\/v2\/pages\/365","targetHints":{"allow":["GET"]}}],"collection":[{"href":"https:\/\/www.djtrap.fi\/index.php\/wp-json\/wp\/v2\/pages"}],"about":[{"href":"https:\/\/www.djtrap.fi\/index.php\/wp-json\/wp\/v2\/types\/page"}],"author":[{"embeddable":true,"href":"https:\/\/www.djtrap.fi\/index.php\/wp-json\/wp\/v2\/users\/1"}],"replies":[{"embeddable":true,"href":"https:\/\/www.djtrap.fi\/index.php\/wp-json\/wp\/v2\/comments?post=365"}],"version-history":[{"count":4,"href":"https:\/\/www.djtrap.fi\/index.php\/wp-json\/wp\/v2\/pages\/365\/revisions"}],"predecessor-version":[{"id":516,"href":"https:\/\/www.djtrap.fi\/index.php\/wp-json\/wp\/v2\/pages\/365\/revisions\/516"}],"wp:attachment":[{"href":"https:\/\/www.djtrap.fi\/index.php\/wp-json\/wp\/v2\/media?parent=365"}],"curies":[{"name":"wp","href":"https:\/\/api.w.org\/{rel}","templated":true}]}}